{"id":112,"date":"2024-01-09T23:17:19","date_gmt":"2024-01-09T23:17:19","guid":{"rendered":"https:\/\/ciidgt.org\/gtchina\/?page_id=112"},"modified":"2024-01-09T23:41:50","modified_gmt":"2024-01-09T23:41:50","slug":"investigacion","status":"publish","type":"page","link":"https:\/\/ciidgt.org\/gtchina\/investigacion\/","title":{"rendered":"Investigaci\u00f3n"},"content":{"rendered":"\n<p>Vinculamos la investigaci\u00f3n sobre el desarrollo con el creciente protagonismo econ\u00f3mico y geo pol\u00edtico de Asia Pac\u00edfico como regi\u00f3n y la Rep\u00fablica Popular China como instancia de an\u00e1lisis en sus relaciones con Centroam\u00e9rica y Guatemala. <\/p>\n","protected":false},"excerpt":{"rendered":"<p>Vinculamos la investigaci\u00f3n sobre el desarrollo con el creciente protagonismo econ\u00f3mico y geo pol\u00edtico de Asia Pac\u00edfico como regi\u00f3n y la Rep\u00fablica Popular China como instancia de an\u00e1lisis en sus relaciones con Centroam\u00e9rica y Guatemala.<\/p>\n","protected":false},"author":1,"featured_media":0,"parent":0,"menu_order":0,"comment_status":"closed","ping_status":"closed","template":"","meta":{"saved_in_kubio":false,"footnotes":""},"class_list":["post-112","page","type-page","status-publish","hentry"],"kubio_ai_page_context":{"short_desc":"","purpose":"general"},"_links":{"self":[{"href":"https:\/\/ciidgt.org\/gtchina\/wp-json\/wp\/v2\/pages\/112","targetHints":{"allow":["GET"]}}],"collection":[{"href":"https:\/\/ciidgt.org\/gtchina\/wp-json\/wp\/v2\/pages"}],"about":[{"href":"https:\/\/ciidgt.org\/gtchina\/wp-json\/wp\/v2\/types\/page"}],"author":[{"embeddable":true,"href":"https:\/\/ciidgt.org\/gtchina\/wp-json\/wp\/v2\/users\/1"}],"replies":[{"embeddable":true,"href":"https:\/\/ciidgt.org\/gtchina\/wp-json\/wp\/v2\/comments?post=112"}],"version-history":[{"count":2,"href":"https:\/\/ciidgt.org\/gtchina\/wp-json\/wp\/v2\/pages\/112\/revisions"}],"predecessor-version":[{"id":153,"href":"https:\/\/ciidgt.org\/gtchina\/wp-json\/wp\/v2\/pages\/112\/revisions\/153"}],"wp:attachment":[{"href":"https:\/\/ciidgt.org\/gtchina\/wp-json\/wp\/v2\/media?parent=112"}],"curies":[{"name":"wp","href":"https:\/\/api.w.org\/{rel}","templated":true}]}}