{"id":13,"date":"2024-07-24T10:20:27","date_gmt":"2024-07-24T10:20:27","guid":{"rendered":"https:\/\/demos.afthemes.com\/covernews\/real-estate\/?page_id=13"},"modified":"2025-09-01T00:30:24","modified_gmt":"2025-09-01T00:30:24","slug":"about","status":"publish","type":"page","link":"https:\/\/ciidgt.org\/gtchina\/about\/","title":{"rendered":"Qui\u00e9nes somos"},"content":{"rendered":"\n<p>Somos un colectivo de acad\u00e9micos, investigadores y profesores universitarios conformados como grupo de investigaci\u00f3n sobre la Rep\u00fablica Popular China y Asia Pac\u00edfico. <\/p>\n\n\n\n<p>Nos constituimos bajo el auspicio del Consejo de Investigaciones en Desarrollo CID, y trabajamos como un grupo de estudio y an\u00e1lisis sobre pol\u00edtica exterior que involucra el an\u00e1lisis del desarrollo de los pa\u00edses de Asia Pac\u00edfico y su relaci\u00f3n con Guatemala y Centroam\u00e9rica. <\/p>\n\n\n\n<p>Guatemala es el uno de los pocos pa\u00eds en el mundo que no tiene relaciones con la Rep\u00fablica Popular China y mantiene su v\u00ednculo diplom\u00e1tico con Taiwan. Es por ello, que tiene importancia estudiar dichas relaciones, tomando en cuenta el conflicto que genera la unificaci\u00f3n china y el desarrollo econ\u00f3mico y social que los pa\u00edses de Asia han alcanzado. <\/p>\n","protected":false},"excerpt":{"rendered":"<p>Somos un colectivo de acad\u00e9micos, investigadores y profesores universitarios conformados como grupo de investigaci\u00f3n sobre la Rep\u00fablica Popular China y Asia Pac\u00edfico. Nos constituimos bajo el auspicio del Consejo de Investigaciones en Desarrollo CID, y trabajamos como un grupo de estudio y an\u00e1lisis sobre pol\u00edtica exterior que involucra el an\u00e1lisis del desarrollo de los pa\u00edses [&hellip;]<\/p>\n","protected":false},"author":1,"featured_media":0,"parent":0,"menu_order":0,"comment_status":"closed","ping_status":"closed","template":"","meta":{"saved_in_kubio":true,"footnotes":""},"class_list":["post-13","page","type-page","status-publish","hentry"],"kubio_ai_page_context":{"short_desc":"","purpose":"general"},"_links":{"self":[{"href":"https:\/\/ciidgt.org\/gtchina\/wp-json\/wp\/v2\/pages\/13","targetHints":{"allow":["GET"]}}],"collection":[{"href":"https:\/\/ciidgt.org\/gtchina\/wp-json\/wp\/v2\/pages"}],"about":[{"href":"https:\/\/ciidgt.org\/gtchina\/wp-json\/wp\/v2\/types\/page"}],"author":[{"embeddable":true,"href":"https:\/\/ciidgt.org\/gtchina\/wp-json\/wp\/v2\/users\/1"}],"replies":[{"embeddable":true,"href":"https:\/\/ciidgt.org\/gtchina\/wp-json\/wp\/v2\/comments?post=13"}],"version-history":[{"count":1,"href":"https:\/\/ciidgt.org\/gtchina\/wp-json\/wp\/v2\/pages\/13\/revisions"}],"predecessor-version":[{"id":915,"href":"https:\/\/ciidgt.org\/gtchina\/wp-json\/wp\/v2\/pages\/13\/revisions\/915"}],"wp:attachment":[{"href":"https:\/\/ciidgt.org\/gtchina\/wp-json\/wp\/v2\/media?parent=13"}],"curies":[{"name":"wp","href":"https:\/\/api.w.org\/{rel}","templated":true}]}}