{"id":3,"date":"2024-01-08T22:27:31","date_gmt":"2024-01-08T22:27:31","guid":{"rendered":"https:\/\/ciidgt.org\/gtchina\/?page_id=3"},"modified":"2024-02-19T12:06:30","modified_gmt":"2024-02-19T12:06:30","slug":"privacy-policy","status":"publish","type":"page","link":"https:\/\/ciidgt.org\/gtchina\/privacy-policy\/","title":{"rendered":"Privacidad"},"content":{"rendered":"\n<h2 class=\"wp-block-heading\">somos un grupo de investigaci\u00f3n que tiene su sitio web en: https:\/\/ciidgt.org\/gtchina.<\/h2>\n\n\n\n<h2 class=\"wp-block-heading\"><\/h2>\n\n\n\n<h2 class=\"wp-block-heading\">Qu\u00e9 datos personales recogemos y por qu\u00e9 los recogemos<\/h2>\n\n\n\n<p>En est\u00e1 p\u00e1gina tratamos los datos personales de los usuarios para las siguientes finalidades:<\/p>\n\n\n\n<p><strong>&#8211; Usuarios registrados<\/strong>: para la gesti\u00f3n de la condici\u00f3n de usuario registrado con la finalidad de que este pueda comentar noticias, participar en campa\u00f1as o recibir boletines.<\/p>\n\n\n\n<p><strong>&#8211; Asociados: <\/strong>para la gesti\u00f3n, mantenimiento y desarrollo de la relaci\u00f3n entre los investigadores y el p\u00fablico. <\/p>\n\n\n\n<p><strong>&#8211; Env\u00edo de boletines: <\/strong>para remitir los boletines especializados que expresamente hayan sido seleccionados por el usuario.<\/p>\n\n\n\n<p><strong>&#8211; Contacto y sugerencias: <\/strong>para atender las solicitudes de informaci\u00f3n, consultas o sugerencias que el usuario realice a trav\u00e9s de cualquier de las v\u00edas facilitadas para tal fin.&nbsp;<\/p>\n\n\n\n<p><strong>&#8211; Datos de navegaci\u00f3n:<\/strong> los datos que los usuarios facilitan  tienen como finalidad que la informaci\u00f3n que se proporciona est\u00e9 accesible para todos los usuarios.<\/p>\n\n\n\n<p>Para ello utilizamos cookies que permiten las siguientes finalidades:<\/p>\n\n\n\n<ul class=\"wp-block-list\">\n<li>Reconocer el inicio de sesi\u00f3n de los usuarios registrados, socios\/as activos y mantener su sesi\u00f3n en activo<\/li>\n\n\n\n<li>Permitir a usuarios registrados publicar y gestionar sus comentarios en las noticias<\/li>\n\n\n\n<li><\/li>\n<\/ul>\n\n\n\n<p>A continuaci\u00f3n ofrecemos una lista de los principales proveedores que son cookies de terceros<\/p>\n\n\n\n<ul class=\"wp-block-list\">\n<li><a href=\"https:\/\/support.google.com\/analytics\/answer\/6004245?hl=es\" target=\"_blank\" rel=\"noreferrer noopener\">Google Analytics <\/a>(esta herramienta de Anal\u00edtica nos permite saber qu\u00e9 noticias se han le\u00eddo m\u00e1s, cu\u00e1ntas visitas hemos tenido desde redes sociales, etc. Tu IP se anonimiza antes de ser almacenada por Google)<\/li>\n\n\n\n<li><a href=\"https:\/\/www.facebook.com\/ads\/preferences\/?entry_product=ad_settings_screen#_=_\" target=\"_blank\" rel=\"noreferrer noopener\">Facebook<\/a> (usamos el pixel de Facebook para detectar el seguimiento en la red social)<\/li>\n\n\n\n<li><\/li>\n<\/ul>\n\n\n\n<h2 class=\"wp-block-heading\"><\/h2>\n","protected":false},"excerpt":{"rendered":"<p>somos un grupo de investigaci\u00f3n que tiene su sitio web en: https:\/\/ciidgt.org\/gtchina. Qu\u00e9 datos personales recogemos y por qu\u00e9 los recogemos En est\u00e1 p\u00e1gina tratamos los datos personales de los usuarios para las siguientes finalidades: &#8211; Usuarios registrados: para la gesti\u00f3n de la condici\u00f3n de usuario registrado con la finalidad de que este pueda comentar [&hellip;]<\/p>\n","protected":false},"author":1,"featured_media":0,"parent":0,"menu_order":0,"comment_status":"closed","ping_status":"closed","template":"","meta":{"saved_in_kubio":false,"footnotes":""},"class_list":["post-3","page","type-page","status-publish","hentry"],"kubio_ai_page_context":{"short_desc":"","purpose":"general"},"_links":{"self":[{"href":"https:\/\/ciidgt.org\/gtchina\/wp-json\/wp\/v2\/pages\/3","targetHints":{"allow":["GET"]}}],"collection":[{"href":"https:\/\/ciidgt.org\/gtchina\/wp-json\/wp\/v2\/pages"}],"about":[{"href":"https:\/\/ciidgt.org\/gtchina\/wp-json\/wp\/v2\/types\/page"}],"author":[{"embeddable":true,"href":"https:\/\/ciidgt.org\/gtchina\/wp-json\/wp\/v2\/users\/1"}],"replies":[{"embeddable":true,"href":"https:\/\/ciidgt.org\/gtchina\/wp-json\/wp\/v2\/comments?post=3"}],"version-history":[{"count":2,"href":"https:\/\/ciidgt.org\/gtchina\/wp-json\/wp\/v2\/pages\/3\/revisions"}],"predecessor-version":[{"id":157,"href":"https:\/\/ciidgt.org\/gtchina\/wp-json\/wp\/v2\/pages\/3\/revisions\/157"}],"wp:attachment":[{"href":"https:\/\/ciidgt.org\/gtchina\/wp-json\/wp\/v2\/media?parent=3"}],"curies":[{"name":"wp","href":"https:\/\/api.w.org\/{rel}","templated":true}]}}